{"id":715,"date":"2023-08-09T11:23:07","date_gmt":"2023-08-09T11:23:07","guid":{"rendered":"https:\/\/gregggoldfarb.com\/?page_id=715"},"modified":"2024-04-04T05:53:24","modified_gmt":"2024-04-04T05:53:24","slug":"abogado-agravio-masivo","status":"publish","type":"page","link":"https:\/\/gregggoldfarb.com\/es\/abogado-agravio-masivo\/","title":{"rendered":"Agravios Masivos a Nivel Nacional"},"content":{"rendered":"<p>\u00bfUsted o un ser querido ha sido afectado por un producto defectuoso, un medicamento peligroso o un riesgo ambiental? Si es as\u00ed, podr\u00eda tener derecho a una compensaci\u00f3n significativa. Pero obtener esa compensaci\u00f3n no es una tarea sencilla, especialmente cuando se enfrenta a grandes corporaciones con bolsillos profundos.<\/p>\n<p>Pero no tiene por qu\u00e9 recorrer este camino solo. Gregg M. Goldfarb, LLP se asocia con bufetes de abogados de primer nivel que manejan litigios de agravios masivos a nivel nacional y saben c\u00f3mo obtener la recuperaci\u00f3n que usted merece.<\/p>\n<p><a href=\"https:\/\/gregggoldfarb.com\/contact-us\/\">P\u00f3ngase en contacto<\/a> con Gregg hoy mismo para discutir los detalles de su caso en una sesi\u00f3n de consulta gratuita. Aprender\u00e1 m\u00e1s sobre c\u00f3mo un abogado de agravios masivos a nivel nacional puede ayudarlo a buscar justicia.<\/p>\n","protected":false},"excerpt":{"rendered":"<p>\u00bfUsted o un ser querido ha sido afectado por un producto defectuoso, un medicamento peligroso o un riesgo ambiental? Si es as\u00ed, podr\u00eda tener derecho a una compensaci\u00f3n significativa. Pero obtener esa compensaci\u00f3n no es una tarea sencilla, especialmente cuando se enfrenta a grandes corporaciones con bolsillos profundos. Pero no tiene por qu\u00e9 recorrer este [&hellip;]<\/p>\n","protected":false},"author":5,"featured_media":6920,"parent":0,"menu_order":72,"comment_status":"closed","ping_status":"closed","template":"practice-area.php","meta":{"_acf_changed":false,"footnotes":""},"class_list":["post-715","page","type-page","status-publish","has-post-thumbnail","hentry"],"acf":[],"yoast_head":"<!-- This site is optimized with the Yoast SEO plugin v27.4 - https:\/\/yoast.com\/product\/yoast-seo-wordpress\/ -->\n<title>Gregg M. Goldfarb, LLP - Litigante Civil de Agravios Masivos a Nivel Nacional<\/title>\n<meta name=\"description\" content=\"Cuando se trata de litigios civiles por agravios masivos a nivel nacional, pocos bufetes de abogados pueden igualar la experiencia y el \u00e9xito de Gregg M. Goldfarb, LLP. Si usted o un ser querido ha sido lesionado o ha sufrido da\u00f1os y perjuicios como resultado de la negligencia de un tercero, por favor p\u00f3ngase en contacto con Gregg M. Goldfarb, LLP.\" \/>\n<meta name=\"robots\" content=\"index, follow, max-snippet:-1, max-image-preview:large, max-video-preview:-1\" \/>\n<link rel=\"canonical\" href=\"https:\/\/gregggoldfarb.com\/es\/abogado-agravio-masivo\/\" \/>\n<meta property=\"og:locale\" content=\"es_ES\" \/>\n<meta property=\"og:type\" content=\"article\" \/>\n<meta property=\"og:title\" content=\"Gregg M. Goldfarb, LLP - Litigante Civil de Agravios Masivos a Nivel Nacional\" \/>\n<meta property=\"og:description\" content=\"Cuando se trata de litigios civiles por agravios masivos a nivel nacional, pocos bufetes de abogados pueden igualar la experiencia y el \u00e9xito de Gregg M. Goldfarb, LLP. Si usted o un ser querido ha sido lesionado o ha sufrido da\u00f1os y perjuicios como resultado de la negligencia de un tercero, por favor p\u00f3ngase en contacto con Gregg M. Goldfarb, LLP.\" \/>\n<meta property=\"og:url\" content=\"https:\/\/gregggoldfarb.com\/es\/abogado-agravio-masivo\/\" \/>\n<meta property=\"og:site_name\" content=\"Gregg M. Goldfarb, LLP\" \/>\n<meta property=\"article:publisher\" content=\"https:\/\/www.facebook.com\/GreggGoldfarbLLP\/\" \/>\n<meta property=\"article:modified_time\" content=\"2024-04-04T05:53:24+00:00\" \/>\n<meta property=\"og:image\" content=\"https:\/\/gregggoldfarb.com\/wp-content\/uploads\/2024\/03\/Mass-Torts.jpg\" \/>\n\t<meta property=\"og:image:width\" content=\"930\" \/>\n\t<meta property=\"og:image:height\" content=\"257\" \/>\n\t<meta property=\"og:image:type\" content=\"image\/jpeg\" \/>\n<meta name=\"twitter:card\" content=\"summary_large_image\" \/>\n<meta name=\"twitter:label1\" content=\"Tiempo de lectura\" \/>\n\t<meta name=\"twitter:data1\" content=\"1 minuto\" \/>\n<script type=\"application\/ld+json\" class=\"yoast-schema-graph\">{\"@context\":\"https:\\\/\\\/schema.org\",\"@graph\":[{\"@type\":\"WebPage\",\"@id\":\"https:\\\/\\\/gregggoldfarb.com\\\/es\\\/abogado-agravio-masivo\\\/\",\"url\":\"https:\\\/\\\/gregggoldfarb.com\\\/es\\\/abogado-agravio-masivo\\\/\",\"name\":\"Gregg M. Goldfarb, LLP - Litigante Civil de Agravios Masivos a Nivel Nacional\",\"isPartOf\":{\"@id\":\"https:\\\/\\\/gregggoldfarb.com\\\/es\\\/#website\"},\"primaryImageOfPage\":{\"@id\":\"https:\\\/\\\/gregggoldfarb.com\\\/es\\\/abogado-agravio-masivo\\\/#primaryimage\"},\"image\":{\"@id\":\"https:\\\/\\\/gregggoldfarb.com\\\/es\\\/abogado-agravio-masivo\\\/#primaryimage\"},\"thumbnailUrl\":\"https:\\\/\\\/gregggoldfarb.com\\\/wp-content\\\/uploads\\\/2024\\\/03\\\/Mass-Torts.jpg\",\"datePublished\":\"2023-08-09T11:23:07+00:00\",\"dateModified\":\"2024-04-04T05:53:24+00:00\",\"description\":\"Cuando se trata de litigios civiles por agravios masivos a nivel nacional, pocos bufetes de abogados pueden igualar la experiencia y el \u00e9xito de Gregg M. Goldfarb, LLP. Si usted o un ser querido ha sido lesionado o ha sufrido da\u00f1os y perjuicios como resultado de la negligencia de un tercero, por favor p\u00f3ngase en contacto con Gregg M. Goldfarb, LLP.\",\"breadcrumb\":{\"@id\":\"https:\\\/\\\/gregggoldfarb.com\\\/es\\\/abogado-agravio-masivo\\\/#breadcrumb\"},\"inLanguage\":\"es\",\"potentialAction\":[{\"@type\":\"ReadAction\",\"target\":[\"https:\\\/\\\/gregggoldfarb.com\\\/es\\\/abogado-agravio-masivo\\\/\"]}]},{\"@type\":\"ImageObject\",\"inLanguage\":\"es\",\"@id\":\"https:\\\/\\\/gregggoldfarb.com\\\/es\\\/abogado-agravio-masivo\\\/#primaryimage\",\"url\":\"https:\\\/\\\/gregggoldfarb.com\\\/wp-content\\\/uploads\\\/2024\\\/03\\\/Mass-Torts.jpg\",\"contentUrl\":\"https:\\\/\\\/gregggoldfarb.com\\\/wp-content\\\/uploads\\\/2024\\\/03\\\/Mass-Torts.jpg\",\"width\":930,\"height\":257,\"caption\":\"Mass Torts\"},{\"@type\":\"BreadcrumbList\",\"@id\":\"https:\\\/\\\/gregggoldfarb.com\\\/es\\\/abogado-agravio-masivo\\\/#breadcrumb\",\"itemListElement\":[{\"@type\":\"ListItem\",\"position\":1,\"name\":\"Inicio\",\"item\":\"https:\\\/\\\/gregggoldfarb.com\\\/es\\\/\"},{\"@type\":\"ListItem\",\"position\":2,\"name\":\"Agravios Masivos a Nivel Nacional\"}]},{\"@type\":\"WebSite\",\"@id\":\"https:\\\/\\\/gregggoldfarb.com\\\/es\\\/#website\",\"url\":\"https:\\\/\\\/gregggoldfarb.com\\\/es\\\/\",\"name\":\"Gregg M. Goldfarb, LLP\",\"description\":\"\",\"publisher\":{\"@id\":\"https:\\\/\\\/gregggoldfarb.com\\\/es\\\/#organization\"},\"potentialAction\":[{\"@type\":\"SearchAction\",\"target\":{\"@type\":\"EntryPoint\",\"urlTemplate\":\"https:\\\/\\\/gregggoldfarb.com\\\/es\\\/?s={search_term_string}\"},\"query-input\":{\"@type\":\"PropertyValueSpecification\",\"valueRequired\":true,\"valueName\":\"search_term_string\"}}],\"inLanguage\":\"es\"},{\"@type\":\"Organization\",\"@id\":\"https:\\\/\\\/gregggoldfarb.com\\\/es\\\/#organization\",\"name\":\"Gregg M. Goldfarb, LLP\",\"url\":\"https:\\\/\\\/gregggoldfarb.com\\\/es\\\/\",\"logo\":{\"@type\":\"ImageObject\",\"inLanguage\":\"es\",\"@id\":\"https:\\\/\\\/gregggoldfarb.com\\\/es\\\/#\\\/schema\\\/logo\\\/image\\\/\",\"url\":\"https:\\\/\\\/gregggoldfarb.com\\\/wp-content\\\/uploads\\\/2024\\\/02\\\/g_logo.png\",\"contentUrl\":\"https:\\\/\\\/gregggoldfarb.com\\\/wp-content\\\/uploads\\\/2024\\\/02\\\/g_logo.png\",\"width\":471,\"height\":65,\"caption\":\"Gregg M. Goldfarb, LLP\"},\"image\":{\"@id\":\"https:\\\/\\\/gregggoldfarb.com\\\/es\\\/#\\\/schema\\\/logo\\\/image\\\/\"},\"sameAs\":[\"https:\\\/\\\/www.facebook.com\\\/GreggGoldfarbLLP\\\/\",\"https:\\\/\\\/www.linkedin.com\\\/company\\\/gregg-m-goldfarb-llp-\\\/about\\\/\",\"https:\\\/\\\/www.youtube.com\\\/@cut_to_the_chase_podcast\\\/\"]}]}<\/script>\n<!-- \/ Yoast SEO plugin. -->","yoast_head_json":{"title":"Gregg M. Goldfarb, LLP - Litigante Civil de Agravios Masivos a Nivel Nacional","description":"Cuando se trata de litigios civiles por agravios masivos a nivel nacional, pocos bufetes de abogados pueden igualar la experiencia y el \u00e9xito de Gregg M. Goldfarb, LLP. Si usted o un ser querido ha sido lesionado o ha sufrido da\u00f1os y perjuicios como resultado de la negligencia de un tercero, por favor p\u00f3ngase en contacto con Gregg M. Goldfarb, LLP.","robots":{"index":"index","follow":"follow","max-snippet":"max-snippet:-1","max-image-preview":"max-image-preview:large","max-video-preview":"max-video-preview:-1"},"canonical":"https:\/\/gregggoldfarb.com\/es\/abogado-agravio-masivo\/","og_locale":"es_ES","og_type":"article","og_title":"Gregg M. Goldfarb, LLP - Litigante Civil de Agravios Masivos a Nivel Nacional","og_description":"Cuando se trata de litigios civiles por agravios masivos a nivel nacional, pocos bufetes de abogados pueden igualar la experiencia y el \u00e9xito de Gregg M. Goldfarb, LLP. Si usted o un ser querido ha sido lesionado o ha sufrido da\u00f1os y perjuicios como resultado de la negligencia de un tercero, por favor p\u00f3ngase en contacto con Gregg M. Goldfarb, LLP.","og_url":"https:\/\/gregggoldfarb.com\/es\/abogado-agravio-masivo\/","og_site_name":"Gregg M. Goldfarb, LLP","article_publisher":"https:\/\/www.facebook.com\/GreggGoldfarbLLP\/","article_modified_time":"2024-04-04T05:53:24+00:00","og_image":[{"width":930,"height":257,"url":"https:\/\/gregggoldfarb.com\/wp-content\/uploads\/2024\/03\/Mass-Torts.jpg","type":"image\/jpeg"}],"twitter_card":"summary_large_image","twitter_misc":{"Tiempo de lectura":"1 minuto"},"schema":{"@context":"https:\/\/schema.org","@graph":[{"@type":"WebPage","@id":"https:\/\/gregggoldfarb.com\/es\/abogado-agravio-masivo\/","url":"https:\/\/gregggoldfarb.com\/es\/abogado-agravio-masivo\/","name":"Gregg M. Goldfarb, LLP - Litigante Civil de Agravios Masivos a Nivel Nacional","isPartOf":{"@id":"https:\/\/gregggoldfarb.com\/es\/#website"},"primaryImageOfPage":{"@id":"https:\/\/gregggoldfarb.com\/es\/abogado-agravio-masivo\/#primaryimage"},"image":{"@id":"https:\/\/gregggoldfarb.com\/es\/abogado-agravio-masivo\/#primaryimage"},"thumbnailUrl":"https:\/\/gregggoldfarb.com\/wp-content\/uploads\/2024\/03\/Mass-Torts.jpg","datePublished":"2023-08-09T11:23:07+00:00","dateModified":"2024-04-04T05:53:24+00:00","description":"Cuando se trata de litigios civiles por agravios masivos a nivel nacional, pocos bufetes de abogados pueden igualar la experiencia y el \u00e9xito de Gregg M. Goldfarb, LLP. Si usted o un ser querido ha sido lesionado o ha sufrido da\u00f1os y perjuicios como resultado de la negligencia de un tercero, por favor p\u00f3ngase en contacto con Gregg M. Goldfarb, LLP.","breadcrumb":{"@id":"https:\/\/gregggoldfarb.com\/es\/abogado-agravio-masivo\/#breadcrumb"},"inLanguage":"es","potentialAction":[{"@type":"ReadAction","target":["https:\/\/gregggoldfarb.com\/es\/abogado-agravio-masivo\/"]}]},{"@type":"ImageObject","inLanguage":"es","@id":"https:\/\/gregggoldfarb.com\/es\/abogado-agravio-masivo\/#primaryimage","url":"https:\/\/gregggoldfarb.com\/wp-content\/uploads\/2024\/03\/Mass-Torts.jpg","contentUrl":"https:\/\/gregggoldfarb.com\/wp-content\/uploads\/2024\/03\/Mass-Torts.jpg","width":930,"height":257,"caption":"Mass Torts"},{"@type":"BreadcrumbList","@id":"https:\/\/gregggoldfarb.com\/es\/abogado-agravio-masivo\/#breadcrumb","itemListElement":[{"@type":"ListItem","position":1,"name":"Inicio","item":"https:\/\/gregggoldfarb.com\/es\/"},{"@type":"ListItem","position":2,"name":"Agravios Masivos a Nivel Nacional"}]},{"@type":"WebSite","@id":"https:\/\/gregggoldfarb.com\/es\/#website","url":"https:\/\/gregggoldfarb.com\/es\/","name":"Gregg M. Goldfarb, LLP","description":"","publisher":{"@id":"https:\/\/gregggoldfarb.com\/es\/#organization"},"potentialAction":[{"@type":"SearchAction","target":{"@type":"EntryPoint","urlTemplate":"https:\/\/gregggoldfarb.com\/es\/?s={search_term_string}"},"query-input":{"@type":"PropertyValueSpecification","valueRequired":true,"valueName":"search_term_string"}}],"inLanguage":"es"},{"@type":"Organization","@id":"https:\/\/gregggoldfarb.com\/es\/#organization","name":"Gregg M. Goldfarb, LLP","url":"https:\/\/gregggoldfarb.com\/es\/","logo":{"@type":"ImageObject","inLanguage":"es","@id":"https:\/\/gregggoldfarb.com\/es\/#\/schema\/logo\/image\/","url":"https:\/\/gregggoldfarb.com\/wp-content\/uploads\/2024\/02\/g_logo.png","contentUrl":"https:\/\/gregggoldfarb.com\/wp-content\/uploads\/2024\/02\/g_logo.png","width":471,"height":65,"caption":"Gregg M. Goldfarb, LLP"},"image":{"@id":"https:\/\/gregggoldfarb.com\/es\/#\/schema\/logo\/image\/"},"sameAs":["https:\/\/www.facebook.com\/GreggGoldfarbLLP\/","https:\/\/www.linkedin.com\/company\/gregg-m-goldfarb-llp-\/about\/","https:\/\/www.youtube.com\/@cut_to_the_chase_podcast\/"]}]}},"_links":{"self":[{"href":"https:\/\/gregggoldfarb.com\/es\/wp-json\/wp\/v2\/pages\/715","targetHints":{"allow":["GET"]}}],"collection":[{"href":"https:\/\/gregggoldfarb.com\/es\/wp-json\/wp\/v2\/pages"}],"about":[{"href":"https:\/\/gregggoldfarb.com\/es\/wp-json\/wp\/v2\/types\/page"}],"author":[{"embeddable":true,"href":"https:\/\/gregggoldfarb.com\/es\/wp-json\/wp\/v2\/users\/5"}],"replies":[{"embeddable":true,"href":"https:\/\/gregggoldfarb.com\/es\/wp-json\/wp\/v2\/comments?post=715"}],"version-history":[{"count":0,"href":"https:\/\/gregggoldfarb.com\/es\/wp-json\/wp\/v2\/pages\/715\/revisions"}],"wp:featuredmedia":[{"embeddable":true,"href":"https:\/\/gregggoldfarb.com\/es\/wp-json\/wp\/v2\/media\/6920"}],"wp:attachment":[{"href":"https:\/\/gregggoldfarb.com\/es\/wp-json\/wp\/v2\/media?parent=715"}],"curies":[{"name":"wp","href":"https:\/\/api.w.org\/{rel}","templated":true}]}}