{"id":708,"date":"2023-08-09T11:24:03","date_gmt":"2023-08-09T11:24:03","guid":{"rendered":"https:\/\/gregggoldfarb.com\/?page_id=708"},"modified":"2024-04-04T05:53:17","modified_gmt":"2024-04-04T05:53:17","slug":"abogado-danos-masivos","status":"publish","type":"page","link":"https:\/\/gregggoldfarb.com\/es\/abogado-danos-masivos\/","title":{"rendered":"Abogado de Da\u00f1os Masivos en Florida"},"content":{"rendered":"<p>Si usted ha sufrido da\u00f1os debido a un producto defectuoso, medicamentos defectuosos o contaminaci\u00f3n ambiental, probablemente no est\u00e9 solo. Cuando varias personas sufren el mismo da\u00f1o prevenible, el proceso de una demanda por agravios masivos les permite responsabilizar a las entidades culpables.<\/p>\n<p>Gregg M. Goldfarb, LLP colabora con algunos de los abogados m\u00e1s experimentados y formidables para ayudar a los clientes a buscar la justicia y la compensaci\u00f3n justa que merecen. Durante 30 a\u00f1os, Gregg Goldfarb y los principales bufetes de abogados aliados han abogado por las v\u00edctimas de lesiones a trav\u00e9s de demandas por agravios masivos y saben c\u00f3mo obtener la recuperaci\u00f3n que usted merece.<\/p>\n<p><a href=\"https:\/\/gregggoldfarb.com\/contact-us\/\">Cont\u00e1ctenos<\/a> hoy mismo para una consulta inicial gratuita con un abogado de agravios masivos en Florida y d\u00e9 el primer paso hacia la recuperaci\u00f3n de su vida.<\/p>\n","protected":false},"excerpt":{"rendered":"<p>Si usted ha sufrido da\u00f1os debido a un producto defectuoso, medicamentos defectuosos o contaminaci\u00f3n ambiental, probablemente no est\u00e9 solo. Cuando varias personas sufren el mismo da\u00f1o prevenible, el proceso de una demanda por agravios masivos les permite responsabilizar a las entidades culpables. Gregg M. Goldfarb, LLP colabora con algunos de los abogados m\u00e1s experimentados y [&hellip;]<\/p>\n","protected":false},"author":5,"featured_media":9622,"parent":0,"menu_order":52,"comment_status":"closed","ping_status":"closed","template":"practice-area.php","meta":{"_acf_changed":false,"footnotes":""},"class_list":["post-708","page","type-page","status-publish","has-post-thumbnail","hentry"],"acf":[],"yoast_head":"<!-- This site is optimized with the Yoast SEO plugin v27.4 - https:\/\/yoast.com\/product\/yoast-seo-wordpress\/ -->\n<title>Abogado de Da\u00f1os Masivos en Florida | Gregg M. Goldfarb, LLP<\/title>\n<meta name=\"description\" content=\"Si has sufrido una lesi\u00f3n por causa de un producto peligroso, el equipo legal de Gregg M. Goldfarb tiene los recursos y la experiencia para ayudarte.\" \/>\n<meta name=\"robots\" content=\"index, follow, max-snippet:-1, max-image-preview:large, max-video-preview:-1\" \/>\n<link rel=\"canonical\" href=\"https:\/\/gregggoldfarb.com\/es\/abogado-danos-masivos\/\" \/>\n<meta property=\"og:locale\" content=\"es_ES\" \/>\n<meta property=\"og:type\" content=\"article\" \/>\n<meta property=\"og:title\" content=\"Abogado de Da\u00f1os Masivos en Florida | Gregg M. Goldfarb, LLP\" \/>\n<meta property=\"og:description\" content=\"Si has sufrido una lesi\u00f3n por causa de un producto peligroso, el equipo legal de Gregg M. Goldfarb tiene los recursos y la experiencia para ayudarte.\" \/>\n<meta property=\"og:url\" content=\"https:\/\/gregggoldfarb.com\/es\/abogado-danos-masivos\/\" \/>\n<meta property=\"og:site_name\" content=\"Gregg M. Goldfarb, LLP\" \/>\n<meta property=\"article:publisher\" content=\"https:\/\/www.facebook.com\/GreggGoldfarbLLP\/\" \/>\n<meta property=\"article:modified_time\" content=\"2024-04-04T05:53:17+00:00\" \/>\n<meta property=\"og:image\" content=\"https:\/\/gregggoldfarb.com\/wp-content\/uploads\/2024\/03\/florida-mass-tort-lawyer.jpg\" \/>\n\t<meta property=\"og:image:width\" content=\"930\" \/>\n\t<meta property=\"og:image:height\" content=\"257\" \/>\n\t<meta property=\"og:image:type\" content=\"image\/jpeg\" \/>\n<meta name=\"twitter:card\" content=\"summary_large_image\" \/>\n<meta name=\"twitter:label1\" content=\"Tiempo de lectura\" \/>\n\t<meta name=\"twitter:data1\" content=\"1 minuto\" \/>\n<script type=\"application\/ld+json\" class=\"yoast-schema-graph\">{\"@context\":\"https:\\\/\\\/schema.org\",\"@graph\":[{\"@type\":\"WebPage\",\"@id\":\"https:\\\/\\\/gregggoldfarb.com\\\/es\\\/abogado-danos-masivos\\\/\",\"url\":\"https:\\\/\\\/gregggoldfarb.com\\\/es\\\/abogado-danos-masivos\\\/\",\"name\":\"Abogado de Da\u00f1os Masivos en Florida | Gregg M. Goldfarb, LLP\",\"isPartOf\":{\"@id\":\"https:\\\/\\\/gregggoldfarb.com\\\/es\\\/#website\"},\"primaryImageOfPage\":{\"@id\":\"https:\\\/\\\/gregggoldfarb.com\\\/es\\\/abogado-danos-masivos\\\/#primaryimage\"},\"image\":{\"@id\":\"https:\\\/\\\/gregggoldfarb.com\\\/es\\\/abogado-danos-masivos\\\/#primaryimage\"},\"thumbnailUrl\":\"https:\\\/\\\/gregggoldfarb.com\\\/wp-content\\\/uploads\\\/2024\\\/03\\\/florida-mass-tort-lawyer.jpg\",\"datePublished\":\"2023-08-09T11:24:03+00:00\",\"dateModified\":\"2024-04-04T05:53:17+00:00\",\"description\":\"Si has sufrido una lesi\u00f3n por causa de un producto peligroso, el equipo legal de Gregg M. Goldfarb tiene los recursos y la experiencia para ayudarte.\",\"breadcrumb\":{\"@id\":\"https:\\\/\\\/gregggoldfarb.com\\\/es\\\/abogado-danos-masivos\\\/#breadcrumb\"},\"inLanguage\":\"es\",\"potentialAction\":[{\"@type\":\"ReadAction\",\"target\":[\"https:\\\/\\\/gregggoldfarb.com\\\/es\\\/abogado-danos-masivos\\\/\"]}]},{\"@type\":\"ImageObject\",\"inLanguage\":\"es\",\"@id\":\"https:\\\/\\\/gregggoldfarb.com\\\/es\\\/abogado-danos-masivos\\\/#primaryimage\",\"url\":\"https:\\\/\\\/gregggoldfarb.com\\\/wp-content\\\/uploads\\\/2024\\\/03\\\/florida-mass-tort-lawyer.jpg\",\"contentUrl\":\"https:\\\/\\\/gregggoldfarb.com\\\/wp-content\\\/uploads\\\/2024\\\/03\\\/florida-mass-tort-lawyer.jpg\",\"width\":930,\"height\":257,\"caption\":\"mass tort lawyer\"},{\"@type\":\"BreadcrumbList\",\"@id\":\"https:\\\/\\\/gregggoldfarb.com\\\/es\\\/abogado-danos-masivos\\\/#breadcrumb\",\"itemListElement\":[{\"@type\":\"ListItem\",\"position\":1,\"name\":\"Inicio\",\"item\":\"https:\\\/\\\/gregggoldfarb.com\\\/es\\\/\"},{\"@type\":\"ListItem\",\"position\":2,\"name\":\"Abogado de Da\u00f1os Masivos en Florida\"}]},{\"@type\":\"WebSite\",\"@id\":\"https:\\\/\\\/gregggoldfarb.com\\\/es\\\/#website\",\"url\":\"https:\\\/\\\/gregggoldfarb.com\\\/es\\\/\",\"name\":\"Gregg M. Goldfarb, LLP\",\"description\":\"\",\"publisher\":{\"@id\":\"https:\\\/\\\/gregggoldfarb.com\\\/es\\\/#organization\"},\"potentialAction\":[{\"@type\":\"SearchAction\",\"target\":{\"@type\":\"EntryPoint\",\"urlTemplate\":\"https:\\\/\\\/gregggoldfarb.com\\\/es\\\/?s={search_term_string}\"},\"query-input\":{\"@type\":\"PropertyValueSpecification\",\"valueRequired\":true,\"valueName\":\"search_term_string\"}}],\"inLanguage\":\"es\"},{\"@type\":\"Organization\",\"@id\":\"https:\\\/\\\/gregggoldfarb.com\\\/es\\\/#organization\",\"name\":\"Gregg M. Goldfarb, LLP\",\"url\":\"https:\\\/\\\/gregggoldfarb.com\\\/es\\\/\",\"logo\":{\"@type\":\"ImageObject\",\"inLanguage\":\"es\",\"@id\":\"https:\\\/\\\/gregggoldfarb.com\\\/es\\\/#\\\/schema\\\/logo\\\/image\\\/\",\"url\":\"https:\\\/\\\/gregggoldfarb.com\\\/wp-content\\\/uploads\\\/2024\\\/02\\\/g_logo.png\",\"contentUrl\":\"https:\\\/\\\/gregggoldfarb.com\\\/wp-content\\\/uploads\\\/2024\\\/02\\\/g_logo.png\",\"width\":471,\"height\":65,\"caption\":\"Gregg M. Goldfarb, LLP\"},\"image\":{\"@id\":\"https:\\\/\\\/gregggoldfarb.com\\\/es\\\/#\\\/schema\\\/logo\\\/image\\\/\"},\"sameAs\":[\"https:\\\/\\\/www.facebook.com\\\/GreggGoldfarbLLP\\\/\",\"https:\\\/\\\/www.linkedin.com\\\/company\\\/gregg-m-goldfarb-llp-\\\/about\\\/\",\"https:\\\/\\\/www.youtube.com\\\/@cut_to_the_chase_podcast\\\/\"]}]}<\/script>\n<!-- \/ Yoast SEO plugin. -->","yoast_head_json":{"title":"Abogado de Da\u00f1os Masivos en Florida | Gregg M. Goldfarb, LLP","description":"Si has sufrido una lesi\u00f3n por causa de un producto peligroso, el equipo legal de Gregg M. Goldfarb tiene los recursos y la experiencia para ayudarte.","robots":{"index":"index","follow":"follow","max-snippet":"max-snippet:-1","max-image-preview":"max-image-preview:large","max-video-preview":"max-video-preview:-1"},"canonical":"https:\/\/gregggoldfarb.com\/es\/abogado-danos-masivos\/","og_locale":"es_ES","og_type":"article","og_title":"Abogado de Da\u00f1os Masivos en Florida | Gregg M. Goldfarb, LLP","og_description":"Si has sufrido una lesi\u00f3n por causa de un producto peligroso, el equipo legal de Gregg M. Goldfarb tiene los recursos y la experiencia para ayudarte.","og_url":"https:\/\/gregggoldfarb.com\/es\/abogado-danos-masivos\/","og_site_name":"Gregg M. Goldfarb, LLP","article_publisher":"https:\/\/www.facebook.com\/GreggGoldfarbLLP\/","article_modified_time":"2024-04-04T05:53:17+00:00","og_image":[{"width":930,"height":257,"url":"https:\/\/gregggoldfarb.com\/wp-content\/uploads\/2024\/03\/florida-mass-tort-lawyer.jpg","type":"image\/jpeg"}],"twitter_card":"summary_large_image","twitter_misc":{"Tiempo de lectura":"1 minuto"},"schema":{"@context":"https:\/\/schema.org","@graph":[{"@type":"WebPage","@id":"https:\/\/gregggoldfarb.com\/es\/abogado-danos-masivos\/","url":"https:\/\/gregggoldfarb.com\/es\/abogado-danos-masivos\/","name":"Abogado de Da\u00f1os Masivos en Florida | Gregg M. Goldfarb, LLP","isPartOf":{"@id":"https:\/\/gregggoldfarb.com\/es\/#website"},"primaryImageOfPage":{"@id":"https:\/\/gregggoldfarb.com\/es\/abogado-danos-masivos\/#primaryimage"},"image":{"@id":"https:\/\/gregggoldfarb.com\/es\/abogado-danos-masivos\/#primaryimage"},"thumbnailUrl":"https:\/\/gregggoldfarb.com\/wp-content\/uploads\/2024\/03\/florida-mass-tort-lawyer.jpg","datePublished":"2023-08-09T11:24:03+00:00","dateModified":"2024-04-04T05:53:17+00:00","description":"Si has sufrido una lesi\u00f3n por causa de un producto peligroso, el equipo legal de Gregg M. Goldfarb tiene los recursos y la experiencia para ayudarte.","breadcrumb":{"@id":"https:\/\/gregggoldfarb.com\/es\/abogado-danos-masivos\/#breadcrumb"},"inLanguage":"es","potentialAction":[{"@type":"ReadAction","target":["https:\/\/gregggoldfarb.com\/es\/abogado-danos-masivos\/"]}]},{"@type":"ImageObject","inLanguage":"es","@id":"https:\/\/gregggoldfarb.com\/es\/abogado-danos-masivos\/#primaryimage","url":"https:\/\/gregggoldfarb.com\/wp-content\/uploads\/2024\/03\/florida-mass-tort-lawyer.jpg","contentUrl":"https:\/\/gregggoldfarb.com\/wp-content\/uploads\/2024\/03\/florida-mass-tort-lawyer.jpg","width":930,"height":257,"caption":"mass tort lawyer"},{"@type":"BreadcrumbList","@id":"https:\/\/gregggoldfarb.com\/es\/abogado-danos-masivos\/#breadcrumb","itemListElement":[{"@type":"ListItem","position":1,"name":"Inicio","item":"https:\/\/gregggoldfarb.com\/es\/"},{"@type":"ListItem","position":2,"name":"Abogado de Da\u00f1os Masivos en Florida"}]},{"@type":"WebSite","@id":"https:\/\/gregggoldfarb.com\/es\/#website","url":"https:\/\/gregggoldfarb.com\/es\/","name":"Gregg M. Goldfarb, LLP","description":"","publisher":{"@id":"https:\/\/gregggoldfarb.com\/es\/#organization"},"potentialAction":[{"@type":"SearchAction","target":{"@type":"EntryPoint","urlTemplate":"https:\/\/gregggoldfarb.com\/es\/?s={search_term_string}"},"query-input":{"@type":"PropertyValueSpecification","valueRequired":true,"valueName":"search_term_string"}}],"inLanguage":"es"},{"@type":"Organization","@id":"https:\/\/gregggoldfarb.com\/es\/#organization","name":"Gregg M. Goldfarb, LLP","url":"https:\/\/gregggoldfarb.com\/es\/","logo":{"@type":"ImageObject","inLanguage":"es","@id":"https:\/\/gregggoldfarb.com\/es\/#\/schema\/logo\/image\/","url":"https:\/\/gregggoldfarb.com\/wp-content\/uploads\/2024\/02\/g_logo.png","contentUrl":"https:\/\/gregggoldfarb.com\/wp-content\/uploads\/2024\/02\/g_logo.png","width":471,"height":65,"caption":"Gregg M. Goldfarb, LLP"},"image":{"@id":"https:\/\/gregggoldfarb.com\/es\/#\/schema\/logo\/image\/"},"sameAs":["https:\/\/www.facebook.com\/GreggGoldfarbLLP\/","https:\/\/www.linkedin.com\/company\/gregg-m-goldfarb-llp-\/about\/","https:\/\/www.youtube.com\/@cut_to_the_chase_podcast\/"]}]}},"_links":{"self":[{"href":"https:\/\/gregggoldfarb.com\/es\/wp-json\/wp\/v2\/pages\/708","targetHints":{"allow":["GET"]}}],"collection":[{"href":"https:\/\/gregggoldfarb.com\/es\/wp-json\/wp\/v2\/pages"}],"about":[{"href":"https:\/\/gregggoldfarb.com\/es\/wp-json\/wp\/v2\/types\/page"}],"author":[{"embeddable":true,"href":"https:\/\/gregggoldfarb.com\/es\/wp-json\/wp\/v2\/users\/5"}],"replies":[{"embeddable":true,"href":"https:\/\/gregggoldfarb.com\/es\/wp-json\/wp\/v2\/comments?post=708"}],"version-history":[{"count":1,"href":"https:\/\/gregggoldfarb.com\/es\/wp-json\/wp\/v2\/pages\/708\/revisions"}],"predecessor-version":[{"id":8327,"href":"https:\/\/gregggoldfarb.com\/es\/wp-json\/wp\/v2\/pages\/708\/revisions\/8327"}],"wp:featuredmedia":[{"embeddable":true,"href":"https:\/\/gregggoldfarb.com\/es\/wp-json\/wp\/v2\/media\/9622"}],"wp:attachment":[{"href":"https:\/\/gregggoldfarb.com\/es\/wp-json\/wp\/v2\/media?parent=708"}],"curies":[{"name":"wp","href":"https:\/\/api.w.org\/{rel}","templated":true}]}}