{"id":700,"date":"2023-08-09T11:25:26","date_gmt":"2023-08-09T11:25:26","guid":{"rendered":"https:\/\/gregggoldfarb.com\/?page_id=700"},"modified":"2024-04-04T05:53:07","modified_gmt":"2024-04-04T05:53:07","slug":"abogado-lesiones-personales","status":"publish","type":"page","link":"https:\/\/gregggoldfarb.com\/es\/abogado-lesiones-personales\/","title":{"rendered":"Abogado de Lesiones Personales en Miami"},"content":{"rendered":"<p>Resultar lesionado debido al comportamiento negligente de otra persona puede ser una experiencia que altera la vida. Los d\u00edas, meses e incluso a\u00f1os que siguen a un accidente pueden estar llenos de dolor f\u00edsico, angustia emocional y tensi\u00f3n financiera. En momentos como estos, la representaci\u00f3n legal efectiva es esencial.<\/p>\n<p>Gregg M. Goldfarb, LLP puede hacer este per\u00edodo dif\u00edcil m\u00e1s f\u00e1cil para usted ofreci\u00e9ndole asistencia legal incomparable. Abogado con 30 a\u00f1os de experiencia, tiene relaciones duraderas con abogados de lesiones personales de excelencia que manejan todo tipo de casos.<\/p>\n<p>Ya sea que se est\u00e9 recuperando de un accidente automovil\u00edstico, una lesi\u00f3n en el lugar de trabajo o un incidente de negligencia m\u00e9dica, Gregg y sus colegas abogados pueden guiarlo en cada paso del camino. Le ayudar\u00e1n a comprender sus derechos, sus opciones legales disponibles y lo que puede esperar en el futuro.<\/p>\n<p><a href=\"https:\/\/gregggoldfarb.com\/contact-us\/\">Comun\u00edquese<\/a> hoy mismo para obtener m\u00e1s informaci\u00f3n en una consulta gratuita con un abogado de lesiones personales en Miami. <em>Hablamos espa\u00f1ol.<\/em><\/p>\n<h2>\u00bfQu\u00e9 casos de lesiones personales son comunes?<\/h2>\n<p>El derecho de lesiones personales abarca una amplia variedad de incidentes en los que las personas sufren da\u00f1os debido al mal comportamiento de otras partes. Los tipos comunes de casos de lesiones que requieren representaci\u00f3n incluyen:<\/p>\n","protected":false},"excerpt":{"rendered":"<p>Resultar lesionado debido al comportamiento negligente de otra persona puede ser una experiencia que altera la vida. Los d\u00edas, meses e incluso a\u00f1os que siguen a un accidente pueden estar llenos de dolor f\u00edsico, angustia emocional y tensi\u00f3n financiera. En momentos como estos, la representaci\u00f3n legal efectiva es esencial. Gregg M. Goldfarb, LLP puede hacer [&hellip;]<\/p>\n","protected":false},"author":5,"featured_media":8859,"parent":0,"menu_order":39,"comment_status":"closed","ping_status":"closed","template":"practice-area.php","meta":{"_acf_changed":false,"footnotes":""},"class_list":["post-700","page","type-page","status-publish","has-post-thumbnail","hentry"],"acf":[],"yoast_head":"<!-- This site is optimized with the Yoast SEO plugin v27.4 - https:\/\/yoast.com\/product\/yoast-seo-wordpress\/ -->\n<title>Abogado de Lesiones Personales en Miami | Gregg M. Goldfarb, LLP<\/title>\n<meta name=\"description\" content=\"Si ha sido lesionado en un accidente, Gregg M. Goldfarb es un abogado de lesiones personales con la experiencia y la pasi\u00f3n para ayudarlo a perseguir.\" \/>\n<meta name=\"robots\" content=\"index, follow, max-snippet:-1, max-image-preview:large, max-video-preview:-1\" \/>\n<link rel=\"canonical\" href=\"https:\/\/gregggoldfarb.com\/es\/abogado-lesiones-personales\/\" \/>\n<meta property=\"og:locale\" content=\"es_ES\" \/>\n<meta property=\"og:type\" content=\"article\" \/>\n<meta property=\"og:title\" content=\"Abogado de Lesiones Personales en Miami | Gregg M. Goldfarb, LLP\" \/>\n<meta property=\"og:description\" content=\"Si ha sido lesionado en un accidente, Gregg M. Goldfarb es un abogado de lesiones personales con la experiencia y la pasi\u00f3n para ayudarlo a perseguir.\" \/>\n<meta property=\"og:url\" content=\"https:\/\/gregggoldfarb.com\/es\/abogado-lesiones-personales\/\" \/>\n<meta property=\"og:site_name\" content=\"Gregg M. Goldfarb, LLP\" \/>\n<meta property=\"article:publisher\" content=\"https:\/\/www.facebook.com\/GreggGoldfarbLLP\/\" \/>\n<meta property=\"article:modified_time\" content=\"2024-04-04T05:53:07+00:00\" \/>\n<meta property=\"og:image\" content=\"https:\/\/gregggoldfarb.com\/wp-content\/uploads\/2024\/03\/miami-personal-injury-lawyer.jpg\" \/>\n\t<meta property=\"og:image:width\" content=\"930\" \/>\n\t<meta property=\"og:image:height\" content=\"257\" \/>\n\t<meta property=\"og:image:type\" content=\"image\/jpeg\" \/>\n<meta name=\"twitter:card\" content=\"summary_large_image\" \/>\n<meta name=\"twitter:label1\" content=\"Tiempo de lectura\" \/>\n\t<meta name=\"twitter:data1\" content=\"2 minutos\" \/>\n<script type=\"application\/ld+json\" class=\"yoast-schema-graph\">{\"@context\":\"https:\\\/\\\/schema.org\",\"@graph\":[{\"@type\":\"WebPage\",\"@id\":\"https:\\\/\\\/gregggoldfarb.com\\\/es\\\/abogado-lesiones-personales\\\/\",\"url\":\"https:\\\/\\\/gregggoldfarb.com\\\/es\\\/abogado-lesiones-personales\\\/\",\"name\":\"Abogado de Lesiones Personales en Miami | Gregg M. Goldfarb, LLP\",\"isPartOf\":{\"@id\":\"https:\\\/\\\/gregggoldfarb.com\\\/es\\\/#website\"},\"primaryImageOfPage\":{\"@id\":\"https:\\\/\\\/gregggoldfarb.com\\\/es\\\/abogado-lesiones-personales\\\/#primaryimage\"},\"image\":{\"@id\":\"https:\\\/\\\/gregggoldfarb.com\\\/es\\\/abogado-lesiones-personales\\\/#primaryimage\"},\"thumbnailUrl\":\"https:\\\/\\\/gregggoldfarb.com\\\/wp-content\\\/uploads\\\/2024\\\/03\\\/miami-personal-injury-lawyer.jpg\",\"datePublished\":\"2023-08-09T11:25:26+00:00\",\"dateModified\":\"2024-04-04T05:53:07+00:00\",\"description\":\"Si ha sido lesionado en un accidente, Gregg M. Goldfarb es un abogado de lesiones personales con la experiencia y la pasi\u00f3n para ayudarlo a perseguir.\",\"breadcrumb\":{\"@id\":\"https:\\\/\\\/gregggoldfarb.com\\\/es\\\/abogado-lesiones-personales\\\/#breadcrumb\"},\"inLanguage\":\"es\",\"potentialAction\":[{\"@type\":\"ReadAction\",\"target\":[\"https:\\\/\\\/gregggoldfarb.com\\\/es\\\/abogado-lesiones-personales\\\/\"]}]},{\"@type\":\"ImageObject\",\"inLanguage\":\"es\",\"@id\":\"https:\\\/\\\/gregggoldfarb.com\\\/es\\\/abogado-lesiones-personales\\\/#primaryimage\",\"url\":\"https:\\\/\\\/gregggoldfarb.com\\\/wp-content\\\/uploads\\\/2024\\\/03\\\/miami-personal-injury-lawyer.jpg\",\"contentUrl\":\"https:\\\/\\\/gregggoldfarb.com\\\/wp-content\\\/uploads\\\/2024\\\/03\\\/miami-personal-injury-lawyer.jpg\",\"width\":930,\"height\":257,\"caption\":\"injury victim on laptop\"},{\"@type\":\"BreadcrumbList\",\"@id\":\"https:\\\/\\\/gregggoldfarb.com\\\/es\\\/abogado-lesiones-personales\\\/#breadcrumb\",\"itemListElement\":[{\"@type\":\"ListItem\",\"position\":1,\"name\":\"Inicio\",\"item\":\"https:\\\/\\\/gregggoldfarb.com\\\/es\\\/\"},{\"@type\":\"ListItem\",\"position\":2,\"name\":\"Abogado de Lesiones Personales en Miami\"}]},{\"@type\":\"WebSite\",\"@id\":\"https:\\\/\\\/gregggoldfarb.com\\\/es\\\/#website\",\"url\":\"https:\\\/\\\/gregggoldfarb.com\\\/es\\\/\",\"name\":\"Gregg M. Goldfarb, LLP\",\"description\":\"\",\"publisher\":{\"@id\":\"https:\\\/\\\/gregggoldfarb.com\\\/es\\\/#organization\"},\"potentialAction\":[{\"@type\":\"SearchAction\",\"target\":{\"@type\":\"EntryPoint\",\"urlTemplate\":\"https:\\\/\\\/gregggoldfarb.com\\\/es\\\/?s={search_term_string}\"},\"query-input\":{\"@type\":\"PropertyValueSpecification\",\"valueRequired\":true,\"valueName\":\"search_term_string\"}}],\"inLanguage\":\"es\"},{\"@type\":\"Organization\",\"@id\":\"https:\\\/\\\/gregggoldfarb.com\\\/es\\\/#organization\",\"name\":\"Gregg M. Goldfarb, LLP\",\"url\":\"https:\\\/\\\/gregggoldfarb.com\\\/es\\\/\",\"logo\":{\"@type\":\"ImageObject\",\"inLanguage\":\"es\",\"@id\":\"https:\\\/\\\/gregggoldfarb.com\\\/es\\\/#\\\/schema\\\/logo\\\/image\\\/\",\"url\":\"https:\\\/\\\/gregggoldfarb.com\\\/wp-content\\\/uploads\\\/2024\\\/02\\\/g_logo.png\",\"contentUrl\":\"https:\\\/\\\/gregggoldfarb.com\\\/wp-content\\\/uploads\\\/2024\\\/02\\\/g_logo.png\",\"width\":471,\"height\":65,\"caption\":\"Gregg M. Goldfarb, LLP\"},\"image\":{\"@id\":\"https:\\\/\\\/gregggoldfarb.com\\\/es\\\/#\\\/schema\\\/logo\\\/image\\\/\"},\"sameAs\":[\"https:\\\/\\\/www.facebook.com\\\/GreggGoldfarbLLP\\\/\",\"https:\\\/\\\/www.linkedin.com\\\/company\\\/gregg-m-goldfarb-llp-\\\/about\\\/\",\"https:\\\/\\\/www.youtube.com\\\/@cut_to_the_chase_podcast\\\/\"]}]}<\/script>\n<!-- \/ Yoast SEO plugin. -->","yoast_head_json":{"title":"Abogado de Lesiones Personales en Miami | Gregg M. Goldfarb, LLP","description":"Si ha sido lesionado en un accidente, Gregg M. Goldfarb es un abogado de lesiones personales con la experiencia y la pasi\u00f3n para ayudarlo a perseguir.","robots":{"index":"index","follow":"follow","max-snippet":"max-snippet:-1","max-image-preview":"max-image-preview:large","max-video-preview":"max-video-preview:-1"},"canonical":"https:\/\/gregggoldfarb.com\/es\/abogado-lesiones-personales\/","og_locale":"es_ES","og_type":"article","og_title":"Abogado de Lesiones Personales en Miami | Gregg M. Goldfarb, LLP","og_description":"Si ha sido lesionado en un accidente, Gregg M. Goldfarb es un abogado de lesiones personales con la experiencia y la pasi\u00f3n para ayudarlo a perseguir.","og_url":"https:\/\/gregggoldfarb.com\/es\/abogado-lesiones-personales\/","og_site_name":"Gregg M. Goldfarb, LLP","article_publisher":"https:\/\/www.facebook.com\/GreggGoldfarbLLP\/","article_modified_time":"2024-04-04T05:53:07+00:00","og_image":[{"width":930,"height":257,"url":"https:\/\/gregggoldfarb.com\/wp-content\/uploads\/2024\/03\/miami-personal-injury-lawyer.jpg","type":"image\/jpeg"}],"twitter_card":"summary_large_image","twitter_misc":{"Tiempo de lectura":"2 minutos"},"schema":{"@context":"https:\/\/schema.org","@graph":[{"@type":"WebPage","@id":"https:\/\/gregggoldfarb.com\/es\/abogado-lesiones-personales\/","url":"https:\/\/gregggoldfarb.com\/es\/abogado-lesiones-personales\/","name":"Abogado de Lesiones Personales en Miami | Gregg M. Goldfarb, LLP","isPartOf":{"@id":"https:\/\/gregggoldfarb.com\/es\/#website"},"primaryImageOfPage":{"@id":"https:\/\/gregggoldfarb.com\/es\/abogado-lesiones-personales\/#primaryimage"},"image":{"@id":"https:\/\/gregggoldfarb.com\/es\/abogado-lesiones-personales\/#primaryimage"},"thumbnailUrl":"https:\/\/gregggoldfarb.com\/wp-content\/uploads\/2024\/03\/miami-personal-injury-lawyer.jpg","datePublished":"2023-08-09T11:25:26+00:00","dateModified":"2024-04-04T05:53:07+00:00","description":"Si ha sido lesionado en un accidente, Gregg M. Goldfarb es un abogado de lesiones personales con la experiencia y la pasi\u00f3n para ayudarlo a perseguir.","breadcrumb":{"@id":"https:\/\/gregggoldfarb.com\/es\/abogado-lesiones-personales\/#breadcrumb"},"inLanguage":"es","potentialAction":[{"@type":"ReadAction","target":["https:\/\/gregggoldfarb.com\/es\/abogado-lesiones-personales\/"]}]},{"@type":"ImageObject","inLanguage":"es","@id":"https:\/\/gregggoldfarb.com\/es\/abogado-lesiones-personales\/#primaryimage","url":"https:\/\/gregggoldfarb.com\/wp-content\/uploads\/2024\/03\/miami-personal-injury-lawyer.jpg","contentUrl":"https:\/\/gregggoldfarb.com\/wp-content\/uploads\/2024\/03\/miami-personal-injury-lawyer.jpg","width":930,"height":257,"caption":"injury victim on laptop"},{"@type":"BreadcrumbList","@id":"https:\/\/gregggoldfarb.com\/es\/abogado-lesiones-personales\/#breadcrumb","itemListElement":[{"@type":"ListItem","position":1,"name":"Inicio","item":"https:\/\/gregggoldfarb.com\/es\/"},{"@type":"ListItem","position":2,"name":"Abogado de Lesiones Personales en Miami"}]},{"@type":"WebSite","@id":"https:\/\/gregggoldfarb.com\/es\/#website","url":"https:\/\/gregggoldfarb.com\/es\/","name":"Gregg M. Goldfarb, LLP","description":"","publisher":{"@id":"https:\/\/gregggoldfarb.com\/es\/#organization"},"potentialAction":[{"@type":"SearchAction","target":{"@type":"EntryPoint","urlTemplate":"https:\/\/gregggoldfarb.com\/es\/?s={search_term_string}"},"query-input":{"@type":"PropertyValueSpecification","valueRequired":true,"valueName":"search_term_string"}}],"inLanguage":"es"},{"@type":"Organization","@id":"https:\/\/gregggoldfarb.com\/es\/#organization","name":"Gregg M. Goldfarb, LLP","url":"https:\/\/gregggoldfarb.com\/es\/","logo":{"@type":"ImageObject","inLanguage":"es","@id":"https:\/\/gregggoldfarb.com\/es\/#\/schema\/logo\/image\/","url":"https:\/\/gregggoldfarb.com\/wp-content\/uploads\/2024\/02\/g_logo.png","contentUrl":"https:\/\/gregggoldfarb.com\/wp-content\/uploads\/2024\/02\/g_logo.png","width":471,"height":65,"caption":"Gregg M. Goldfarb, LLP"},"image":{"@id":"https:\/\/gregggoldfarb.com\/es\/#\/schema\/logo\/image\/"},"sameAs":["https:\/\/www.facebook.com\/GreggGoldfarbLLP\/","https:\/\/www.linkedin.com\/company\/gregg-m-goldfarb-llp-\/about\/","https:\/\/www.youtube.com\/@cut_to_the_chase_podcast\/"]}]}},"_links":{"self":[{"href":"https:\/\/gregggoldfarb.com\/es\/wp-json\/wp\/v2\/pages\/700","targetHints":{"allow":["GET"]}}],"collection":[{"href":"https:\/\/gregggoldfarb.com\/es\/wp-json\/wp\/v2\/pages"}],"about":[{"href":"https:\/\/gregggoldfarb.com\/es\/wp-json\/wp\/v2\/types\/page"}],"author":[{"embeddable":true,"href":"https:\/\/gregggoldfarb.com\/es\/wp-json\/wp\/v2\/users\/5"}],"replies":[{"embeddable":true,"href":"https:\/\/gregggoldfarb.com\/es\/wp-json\/wp\/v2\/comments?post=700"}],"version-history":[{"count":1,"href":"https:\/\/gregggoldfarb.com\/es\/wp-json\/wp\/v2\/pages\/700\/revisions"}],"predecessor-version":[{"id":8316,"href":"https:\/\/gregggoldfarb.com\/es\/wp-json\/wp\/v2\/pages\/700\/revisions\/8316"}],"wp:featuredmedia":[{"embeddable":true,"href":"https:\/\/gregggoldfarb.com\/es\/wp-json\/wp\/v2\/media\/8859"}],"wp:attachment":[{"href":"https:\/\/gregggoldfarb.com\/es\/wp-json\/wp\/v2\/media?parent=700"}],"curies":[{"name":"wp","href":"https:\/\/api.w.org\/{rel}","templated":true}]}}