{"id":669,"date":"2023-08-09T11:25:49","date_gmt":"2023-08-09T11:25:49","guid":{"rendered":"https:\/\/gregggoldfarb.com\/?page_id=669"},"modified":"2024-05-21T20:36:02","modified_gmt":"2024-05-21T20:36:02","slug":"sobre-nosotros","status":"publish","type":"page","link":"https:\/\/gregggoldfarb.com\/es\/sobre-nosotros\/","title":{"rendered":"Sobre Nosotros"},"content":{"rendered":"<p>Gregg M. Goldfarb, LLP es un bufete de abogados con sede en Miami que representa a personas que han sufrido lesiones por culpa de otros. Con m\u00e1s de 30 a\u00f1os de experiencia, Gregg ofrece representaci\u00f3n legal personalizada y compasiva a personas que se encuentran en su momento de mayor vulnerabilidad. Se enfoca en sus necesidades y utiliza su amplio conocimiento y experiencia para ayudarle a buscar compensaci\u00f3n por sus lesiones.<\/p>\n<p>Gregg tiene experiencia donde m\u00e1s importa: ha ayudado a miles de clientes en litigios complicados a recibir millones de d\u00f3lares en compensaci\u00f3n por sus lesiones. Su pr\u00e1ctica brinda representaci\u00f3n dedicada a clientes en casos que incluyen productos defectuosos, reclamos por abuso sexual, reclamos de seguros, reclamos de seguros PIP, derechos civiles, reclamos de denunciantes y demandas colectivas.<\/p>\n<p>La pr\u00e1ctica legal de Gregg a menudo se asocia con algunos de los abogados m\u00e1s destacados y calificados en todo el pa\u00eds en litigios masivos, productos defectuosos\/peligrosos y otros litigios civiles complicados. Al asociarse con otras firmas de abogados, Gregg trabaja con abogados que se especializan en su tipo particular de caso, por lo que usted obtiene el beneficio de que dos firmas de abogados trabajen en su caso, sin ning\u00fan costo adicional.<\/p>\n<p>Como experimentado abogado civil, Gregg comprende profundamente el dolor y la frustraci\u00f3n que sienten las personas despu\u00e9s de un grave accidente. No pueden trabajar, los gastos m\u00e9dicos se acumulan, ya no pueden vivir como sol\u00edan hacerlo, y sus familias sufren el conflicto emocional. Este estr\u00e9s se ve agravado por las aseguradoras que reducen o niegan por completo el pago en reclamos por lesiones personales.<\/p>\n<p>Si se encuentra en una situaci\u00f3n similar despu\u00e9s de un accidente, no necesita pasar por un momento tan dif\u00edcil en solitario. Gregg maneja casos como el suyo todos los d\u00edas y est\u00e1 comprometido a luchar por individuos y familias que se enfrentan a grandes aseguradoras.<\/p>\n<p>Las consultas y revisiones de casos son siempre gratuitas. No paga nada a menos que un acuerdo o una victoria en el tribunal conduzcan a un pago por su reclamo.<\/p>\n","protected":false},"excerpt":{"rendered":"<p>Gregg M. Goldfarb, LLP es un bufete de abogados con sede en Miami que representa a personas que han sufrido lesiones por culpa de otros. Con m\u00e1s de 30 a\u00f1os de experiencia, Gregg ofrece representaci\u00f3n legal personalizada y compasiva a personas que se encuentran en su momento de mayor vulnerabilidad. Se enfoca en sus necesidades [&hellip;]<\/p>\n","protected":false},"author":5,"featured_media":2385,"parent":0,"menu_order":36,"comment_status":"closed","ping_status":"closed","template":"about-us.php","meta":{"_acf_changed":false,"footnotes":""},"class_list":["post-669","page","type-page","status-publish","has-post-thumbnail","hentry"],"acf":[],"yoast_head":"<!-- This site is optimized with the Yoast SEO plugin v27.4 - https:\/\/yoast.com\/product\/yoast-seo-wordpress\/ -->\n<title>Abogado con Experiencia en Lesiones al Servicio del Sur de la Florida | Gregg M. Goldfarb, LLP<\/title>\n<meta name=\"description\" content=\"Gregg M. Goldfarb, LLP es una oficina de abogados ubicada en el sur de la Florida con casi 25 a\u00f1os de experiencia ayudando a clientes lesionados a recibir la compensaci\u00f3n que merecen. Como ex presidente del Centro para la Vida Independiente del Sur de la Florida y fundador de Clean Miami River, hemos.\" \/>\n<meta name=\"robots\" content=\"index, follow, max-snippet:-1, max-image-preview:large, max-video-preview:-1\" \/>\n<link rel=\"canonical\" href=\"https:\/\/gregggoldfarb.com\/es\/sobre-nosotros\/\" \/>\n<meta property=\"og:locale\" content=\"es_ES\" \/>\n<meta property=\"og:type\" content=\"article\" \/>\n<meta property=\"og:title\" content=\"Abogado con Experiencia en Lesiones al Servicio del Sur de la Florida | Gregg M. Goldfarb, LLP\" \/>\n<meta property=\"og:description\" content=\"Gregg M. Goldfarb, LLP es una oficina de abogados ubicada en el sur de la Florida con casi 25 a\u00f1os de experiencia ayudando a clientes lesionados a recibir la compensaci\u00f3n que merecen. Como ex presidente del Centro para la Vida Independiente del Sur de la Florida y fundador de Clean Miami River, hemos.\" \/>\n<meta property=\"og:url\" content=\"https:\/\/gregggoldfarb.com\/es\/sobre-nosotros\/\" \/>\n<meta property=\"og:site_name\" content=\"Gregg M. Goldfarb, LLP\" \/>\n<meta property=\"article:publisher\" content=\"https:\/\/www.facebook.com\/GreggGoldfarbLLP\/\" \/>\n<meta property=\"article:modified_time\" content=\"2024-05-21T20:36:02+00:00\" \/>\n<meta property=\"og:image\" content=\"https:\/\/gregggoldfarb.com\/wp-content\/uploads\/2024\/02\/about-us-image.jpg\" \/>\n\t<meta property=\"og:image:width\" content=\"585\" \/>\n\t<meta property=\"og:image:height\" content=\"714\" \/>\n\t<meta property=\"og:image:type\" content=\"image\/jpeg\" \/>\n<meta name=\"twitter:card\" content=\"summary_large_image\" \/>\n<meta name=\"twitter:label1\" content=\"Tiempo de lectura\" \/>\n\t<meta name=\"twitter:data1\" content=\"2 minutos\" \/>\n<script type=\"application\/ld+json\" class=\"yoast-schema-graph\">{\"@context\":\"https:\\\/\\\/schema.org\",\"@graph\":[{\"@type\":\"WebPage\",\"@id\":\"https:\\\/\\\/gregggoldfarb.com\\\/es\\\/sobre-nosotros\\\/\",\"url\":\"https:\\\/\\\/gregggoldfarb.com\\\/es\\\/sobre-nosotros\\\/\",\"name\":\"Abogado con Experiencia en Lesiones al Servicio del Sur de la Florida | Gregg M. Goldfarb, LLP\",\"isPartOf\":{\"@id\":\"https:\\\/\\\/gregggoldfarb.com\\\/es\\\/#website\"},\"primaryImageOfPage\":{\"@id\":\"https:\\\/\\\/gregggoldfarb.com\\\/es\\\/sobre-nosotros\\\/#primaryimage\"},\"image\":{\"@id\":\"https:\\\/\\\/gregggoldfarb.com\\\/es\\\/sobre-nosotros\\\/#primaryimage\"},\"thumbnailUrl\":\"https:\\\/\\\/gregggoldfarb.com\\\/wp-content\\\/uploads\\\/2024\\\/02\\\/about-us-image.jpg\",\"datePublished\":\"2023-08-09T11:25:49+00:00\",\"dateModified\":\"2024-05-21T20:36:02+00:00\",\"description\":\"Gregg M. Goldfarb, LLP es una oficina de abogados ubicada en el sur de la Florida con casi 25 a\u00f1os de experiencia ayudando a clientes lesionados a recibir la compensaci\u00f3n que merecen. Como ex presidente del Centro para la Vida Independiente del Sur de la Florida y fundador de Clean Miami River, hemos.\",\"breadcrumb\":{\"@id\":\"https:\\\/\\\/gregggoldfarb.com\\\/es\\\/sobre-nosotros\\\/#breadcrumb\"},\"inLanguage\":\"es\",\"potentialAction\":[{\"@type\":\"ReadAction\",\"target\":[\"https:\\\/\\\/gregggoldfarb.com\\\/es\\\/sobre-nosotros\\\/\"]}]},{\"@type\":\"ImageObject\",\"inLanguage\":\"es\",\"@id\":\"https:\\\/\\\/gregggoldfarb.com\\\/es\\\/sobre-nosotros\\\/#primaryimage\",\"url\":\"https:\\\/\\\/gregggoldfarb.com\\\/wp-content\\\/uploads\\\/2024\\\/02\\\/about-us-image.jpg\",\"contentUrl\":\"https:\\\/\\\/gregggoldfarb.com\\\/wp-content\\\/uploads\\\/2024\\\/02\\\/about-us-image.jpg\",\"width\":585,\"height\":714,\"caption\":\"gregg goldfarb\"},{\"@type\":\"BreadcrumbList\",\"@id\":\"https:\\\/\\\/gregggoldfarb.com\\\/es\\\/sobre-nosotros\\\/#breadcrumb\",\"itemListElement\":[{\"@type\":\"ListItem\",\"position\":1,\"name\":\"Inicio\",\"item\":\"https:\\\/\\\/gregggoldfarb.com\\\/es\\\/\"},{\"@type\":\"ListItem\",\"position\":2,\"name\":\"Sobre Nosotros\"}]},{\"@type\":\"WebSite\",\"@id\":\"https:\\\/\\\/gregggoldfarb.com\\\/es\\\/#website\",\"url\":\"https:\\\/\\\/gregggoldfarb.com\\\/es\\\/\",\"name\":\"Gregg M. Goldfarb, LLP\",\"description\":\"\",\"publisher\":{\"@id\":\"https:\\\/\\\/gregggoldfarb.com\\\/es\\\/#organization\"},\"potentialAction\":[{\"@type\":\"SearchAction\",\"target\":{\"@type\":\"EntryPoint\",\"urlTemplate\":\"https:\\\/\\\/gregggoldfarb.com\\\/es\\\/?s={search_term_string}\"},\"query-input\":{\"@type\":\"PropertyValueSpecification\",\"valueRequired\":true,\"valueName\":\"search_term_string\"}}],\"inLanguage\":\"es\"},{\"@type\":\"Organization\",\"@id\":\"https:\\\/\\\/gregggoldfarb.com\\\/es\\\/#organization\",\"name\":\"Gregg M. Goldfarb, LLP\",\"url\":\"https:\\\/\\\/gregggoldfarb.com\\\/es\\\/\",\"logo\":{\"@type\":\"ImageObject\",\"inLanguage\":\"es\",\"@id\":\"https:\\\/\\\/gregggoldfarb.com\\\/es\\\/#\\\/schema\\\/logo\\\/image\\\/\",\"url\":\"https:\\\/\\\/gregggoldfarb.com\\\/wp-content\\\/uploads\\\/2024\\\/02\\\/g_logo.png\",\"contentUrl\":\"https:\\\/\\\/gregggoldfarb.com\\\/wp-content\\\/uploads\\\/2024\\\/02\\\/g_logo.png\",\"width\":471,\"height\":65,\"caption\":\"Gregg M. Goldfarb, LLP\"},\"image\":{\"@id\":\"https:\\\/\\\/gregggoldfarb.com\\\/es\\\/#\\\/schema\\\/logo\\\/image\\\/\"},\"sameAs\":[\"https:\\\/\\\/www.facebook.com\\\/GreggGoldfarbLLP\\\/\",\"https:\\\/\\\/www.linkedin.com\\\/company\\\/gregg-m-goldfarb-llp-\\\/about\\\/\",\"https:\\\/\\\/www.youtube.com\\\/@cut_to_the_chase_podcast\\\/\"]}]}<\/script>\n<!-- \/ Yoast SEO plugin. -->","yoast_head_json":{"title":"Abogado con Experiencia en Lesiones al Servicio del Sur de la Florida | Gregg M. Goldfarb, LLP","description":"Gregg M. Goldfarb, LLP es una oficina de abogados ubicada en el sur de la Florida con casi 25 a\u00f1os de experiencia ayudando a clientes lesionados a recibir la compensaci\u00f3n que merecen. Como ex presidente del Centro para la Vida Independiente del Sur de la Florida y fundador de Clean Miami River, hemos.","robots":{"index":"index","follow":"follow","max-snippet":"max-snippet:-1","max-image-preview":"max-image-preview:large","max-video-preview":"max-video-preview:-1"},"canonical":"https:\/\/gregggoldfarb.com\/es\/sobre-nosotros\/","og_locale":"es_ES","og_type":"article","og_title":"Abogado con Experiencia en Lesiones al Servicio del Sur de la Florida | Gregg M. Goldfarb, LLP","og_description":"Gregg M. Goldfarb, LLP es una oficina de abogados ubicada en el sur de la Florida con casi 25 a\u00f1os de experiencia ayudando a clientes lesionados a recibir la compensaci\u00f3n que merecen. Como ex presidente del Centro para la Vida Independiente del Sur de la Florida y fundador de Clean Miami River, hemos.","og_url":"https:\/\/gregggoldfarb.com\/es\/sobre-nosotros\/","og_site_name":"Gregg M. Goldfarb, LLP","article_publisher":"https:\/\/www.facebook.com\/GreggGoldfarbLLP\/","article_modified_time":"2024-05-21T20:36:02+00:00","og_image":[{"width":585,"height":714,"url":"https:\/\/gregggoldfarb.com\/wp-content\/uploads\/2024\/02\/about-us-image.jpg","type":"image\/jpeg"}],"twitter_card":"summary_large_image","twitter_misc":{"Tiempo de lectura":"2 minutos"},"schema":{"@context":"https:\/\/schema.org","@graph":[{"@type":"WebPage","@id":"https:\/\/gregggoldfarb.com\/es\/sobre-nosotros\/","url":"https:\/\/gregggoldfarb.com\/es\/sobre-nosotros\/","name":"Abogado con Experiencia en Lesiones al Servicio del Sur de la Florida | Gregg M. Goldfarb, LLP","isPartOf":{"@id":"https:\/\/gregggoldfarb.com\/es\/#website"},"primaryImageOfPage":{"@id":"https:\/\/gregggoldfarb.com\/es\/sobre-nosotros\/#primaryimage"},"image":{"@id":"https:\/\/gregggoldfarb.com\/es\/sobre-nosotros\/#primaryimage"},"thumbnailUrl":"https:\/\/gregggoldfarb.com\/wp-content\/uploads\/2024\/02\/about-us-image.jpg","datePublished":"2023-08-09T11:25:49+00:00","dateModified":"2024-05-21T20:36:02+00:00","description":"Gregg M. Goldfarb, LLP es una oficina de abogados ubicada en el sur de la Florida con casi 25 a\u00f1os de experiencia ayudando a clientes lesionados a recibir la compensaci\u00f3n que merecen. Como ex presidente del Centro para la Vida Independiente del Sur de la Florida y fundador de Clean Miami River, hemos.","breadcrumb":{"@id":"https:\/\/gregggoldfarb.com\/es\/sobre-nosotros\/#breadcrumb"},"inLanguage":"es","potentialAction":[{"@type":"ReadAction","target":["https:\/\/gregggoldfarb.com\/es\/sobre-nosotros\/"]}]},{"@type":"ImageObject","inLanguage":"es","@id":"https:\/\/gregggoldfarb.com\/es\/sobre-nosotros\/#primaryimage","url":"https:\/\/gregggoldfarb.com\/wp-content\/uploads\/2024\/02\/about-us-image.jpg","contentUrl":"https:\/\/gregggoldfarb.com\/wp-content\/uploads\/2024\/02\/about-us-image.jpg","width":585,"height":714,"caption":"gregg goldfarb"},{"@type":"BreadcrumbList","@id":"https:\/\/gregggoldfarb.com\/es\/sobre-nosotros\/#breadcrumb","itemListElement":[{"@type":"ListItem","position":1,"name":"Inicio","item":"https:\/\/gregggoldfarb.com\/es\/"},{"@type":"ListItem","position":2,"name":"Sobre Nosotros"}]},{"@type":"WebSite","@id":"https:\/\/gregggoldfarb.com\/es\/#website","url":"https:\/\/gregggoldfarb.com\/es\/","name":"Gregg M. Goldfarb, LLP","description":"","publisher":{"@id":"https:\/\/gregggoldfarb.com\/es\/#organization"},"potentialAction":[{"@type":"SearchAction","target":{"@type":"EntryPoint","urlTemplate":"https:\/\/gregggoldfarb.com\/es\/?s={search_term_string}"},"query-input":{"@type":"PropertyValueSpecification","valueRequired":true,"valueName":"search_term_string"}}],"inLanguage":"es"},{"@type":"Organization","@id":"https:\/\/gregggoldfarb.com\/es\/#organization","name":"Gregg M. Goldfarb, LLP","url":"https:\/\/gregggoldfarb.com\/es\/","logo":{"@type":"ImageObject","inLanguage":"es","@id":"https:\/\/gregggoldfarb.com\/es\/#\/schema\/logo\/image\/","url":"https:\/\/gregggoldfarb.com\/wp-content\/uploads\/2024\/02\/g_logo.png","contentUrl":"https:\/\/gregggoldfarb.com\/wp-content\/uploads\/2024\/02\/g_logo.png","width":471,"height":65,"caption":"Gregg M. Goldfarb, LLP"},"image":{"@id":"https:\/\/gregggoldfarb.com\/es\/#\/schema\/logo\/image\/"},"sameAs":["https:\/\/www.facebook.com\/GreggGoldfarbLLP\/","https:\/\/www.linkedin.com\/company\/gregg-m-goldfarb-llp-\/about\/","https:\/\/www.youtube.com\/@cut_to_the_chase_podcast\/"]}]}},"_links":{"self":[{"href":"https:\/\/gregggoldfarb.com\/es\/wp-json\/wp\/v2\/pages\/669","targetHints":{"allow":["GET"]}}],"collection":[{"href":"https:\/\/gregggoldfarb.com\/es\/wp-json\/wp\/v2\/pages"}],"about":[{"href":"https:\/\/gregggoldfarb.com\/es\/wp-json\/wp\/v2\/types\/page"}],"author":[{"embeddable":true,"href":"https:\/\/gregggoldfarb.com\/es\/wp-json\/wp\/v2\/users\/5"}],"replies":[{"embeddable":true,"href":"https:\/\/gregggoldfarb.com\/es\/wp-json\/wp\/v2\/comments?post=669"}],"version-history":[{"count":2,"href":"https:\/\/gregggoldfarb.com\/es\/wp-json\/wp\/v2\/pages\/669\/revisions"}],"predecessor-version":[{"id":15542,"href":"https:\/\/gregggoldfarb.com\/es\/wp-json\/wp\/v2\/pages\/669\/revisions\/15542"}],"wp:featuredmedia":[{"embeddable":true,"href":"https:\/\/gregggoldfarb.com\/es\/wp-json\/wp\/v2\/media\/2385"}],"wp:attachment":[{"href":"https:\/\/gregggoldfarb.com\/es\/wp-json\/wp\/v2\/media?parent=669"}],"curies":[{"name":"wp","href":"https:\/\/api.w.org\/{rel}","templated":true}]}}