{"id":156,"date":"2023-08-09T11:25:58","date_gmt":"2023-08-09T11:25:58","guid":{"rendered":"https:\/\/gregggoldfarb.com\/?page_id=156"},"modified":"2024-04-11T04:46:20","modified_gmt":"2024-04-11T04:46:20","slug":"es","status":"publish","type":"page","link":"https:\/\/gregggoldfarb.com\/es\/","title":{"rendered":"Inicio"},"content":{"rendered":"<h2>Casi 30 a\u00f1os de representar diligentemente a v\u00edctimas de accidentes<\/h2>\n<p>\u00bfEst\u00e1 sufriendo una lesi\u00f3n grave sin que tenga la culpa? \u00bfUn producto en su hogar, un medicamento o dispositivo m\u00e9dico le caus\u00f3 da\u00f1os graves en su salud? \u00bfSe siente abrumado por el dolor, el estr\u00e9s emocional y la presi\u00f3n financiera que han reca\u00eddo sobre usted y su familia? No espere ni conf\u00ede en que la justicia llegar\u00e1 por s\u00ed sola, permita que Gregg Goldfarb lo ayude a exigirla de las personas responsables.<\/p>\n<p>Gregg cuenta con tres d\u00e9cadas de experiencia ayudando a residentes de Miami y del estado de Florida en general, as\u00ed como a peque\u00f1as empresas y profesionales m\u00e9dicos. Al asociarse con el abogado m\u00e1s experimentado, la firma le ofrece representaci\u00f3n en casos de accidentes de veh\u00edculos, agravios masivos, productos defectuosos, seguros\/seguros PIP, derechos civiles y denuncias de informantes.<\/p>\n<p><a class=\"btn btn-transparent\" href=\"https:\/\/gregggoldfarb.com\/es\/sobre-nosotros\/\" aria-label=\"Obtenga m\u00e1s informaci\u00f3n sobre nosotros\">Obtenga m\u00e1s informaci\u00f3n sobre nosotros<\/a><\/p>\n","protected":false},"excerpt":{"rendered":"<p>Casi 30 a\u00f1os de representar diligentemente a v\u00edctimas de accidentes \u00bfEst\u00e1 sufriendo una lesi\u00f3n grave sin que tenga la culpa? \u00bfUn producto en su hogar, un medicamento o dispositivo m\u00e9dico le caus\u00f3 da\u00f1os graves en su salud? \u00bfSe siente abrumado por el dolor, el estr\u00e9s emocional y la presi\u00f3n financiera que han reca\u00eddo sobre usted [&hellip;]<\/p>\n","protected":false},"author":3,"featured_media":14205,"parent":0,"menu_order":29,"comment_status":"closed","ping_status":"closed","template":"","meta":{"_acf_changed":false,"footnotes":""},"class_list":["post-156","page","type-page","status-publish","has-post-thumbnail","hentry"],"acf":[],"yoast_head":"<!-- This site is optimized with the Yoast SEO plugin v27.4 - https:\/\/yoast.com\/product\/yoast-seo-wordpress\/ -->\n<title>Abogado con Experiencia en Lesiones Personales y Agravios Masivos en Florida | Gregg M. Goldfarb, LLP<\/title>\n<meta name=\"description\" content=\"Con 25 a\u00f1os de experiencia legal, Gregg Goldfarb ofrece representaci\u00f3n dedicada para lesiones personales, agravios masivos, derechos civiles, productos defectuosos y casos de denunciantes. Las consultas son gratuitas. Llame al (954) 452-2329 hoy para discutir su reclamo.\" \/>\n<meta name=\"robots\" content=\"index, follow, max-snippet:-1, max-image-preview:large, max-video-preview:-1\" \/>\n<link rel=\"canonical\" href=\"https:\/\/gregggoldfarb.com\/es\/\" \/>\n<meta property=\"og:locale\" content=\"es_ES\" \/>\n<meta property=\"og:type\" content=\"article\" \/>\n<meta property=\"og:title\" content=\"Abogado con Experiencia en Lesiones Personales y Agravios Masivos en Florida | Gregg M. Goldfarb, LLP\" \/>\n<meta property=\"og:description\" content=\"Con 25 a\u00f1os de experiencia legal, Gregg Goldfarb ofrece representaci\u00f3n dedicada para lesiones personales, agravios masivos, derechos civiles, productos defectuosos y casos de denunciantes. Las consultas son gratuitas. Llame al (954) 452-2329 hoy para discutir su reclamo.\" \/>\n<meta property=\"og:url\" content=\"https:\/\/gregggoldfarb.com\/es\/\" \/>\n<meta property=\"og:site_name\" content=\"Gregg M. Goldfarb, LLP\" \/>\n<meta property=\"article:publisher\" content=\"https:\/\/www.facebook.com\/GreggGoldfarbLLP\/\" \/>\n<meta property=\"article:modified_time\" content=\"2024-04-11T04:46:20+00:00\" \/>\n<meta property=\"og:image\" content=\"https:\/\/gregggoldfarb.com\/wp-content\/uploads\/2024\/02\/intro-image.jpg\" \/>\n\t<meta property=\"og:image:width\" content=\"705\" \/>\n\t<meta property=\"og:image:height\" content=\"502\" \/>\n\t<meta property=\"og:image:type\" content=\"image\/jpeg\" \/>\n<meta name=\"twitter:card\" content=\"summary_large_image\" \/>\n<meta name=\"twitter:label1\" content=\"Tiempo de lectura\" \/>\n\t<meta name=\"twitter:data1\" content=\"1 minuto\" \/>\n<script type=\"application\/ld+json\" class=\"yoast-schema-graph\">{\"@context\":\"https:\\\/\\\/schema.org\",\"@graph\":[{\"@type\":\"WebPage\",\"@id\":\"https:\\\/\\\/gregggoldfarb.com\\\/es\\\/\",\"url\":\"https:\\\/\\\/gregggoldfarb.com\\\/es\\\/\",\"name\":\"Abogado con Experiencia en Lesiones Personales y Agravios Masivos en Florida | Gregg M. Goldfarb, LLP\",\"isPartOf\":{\"@id\":\"https:\\\/\\\/gregggoldfarb.com\\\/es\\\/#website\"},\"primaryImageOfPage\":{\"@id\":\"https:\\\/\\\/gregggoldfarb.com\\\/es\\\/#primaryimage\"},\"image\":{\"@id\":\"https:\\\/\\\/gregggoldfarb.com\\\/es\\\/#primaryimage\"},\"thumbnailUrl\":\"https:\\\/\\\/gregggoldfarb.com\\\/wp-content\\\/uploads\\\/2024\\\/04\\\/intro_image.jpg\",\"datePublished\":\"2023-08-09T11:25:58+00:00\",\"dateModified\":\"2024-04-11T04:46:20+00:00\",\"description\":\"Con 25 a\u00f1os de experiencia legal, Gregg Goldfarb ofrece representaci\u00f3n dedicada para lesiones personales, agravios masivos, derechos civiles, productos defectuosos y casos de denunciantes. Las consultas son gratuitas. Llame al (954) 452-2329 hoy para discutir su reclamo.\",\"breadcrumb\":{\"@id\":\"https:\\\/\\\/gregggoldfarb.com\\\/es\\\/#breadcrumb\"},\"inLanguage\":\"es\",\"potentialAction\":[{\"@type\":\"ReadAction\",\"target\":[\"https:\\\/\\\/gregggoldfarb.com\\\/es\\\/\"]}]},{\"@type\":\"ImageObject\",\"inLanguage\":\"es\",\"@id\":\"https:\\\/\\\/gregggoldfarb.com\\\/es\\\/#primaryimage\",\"url\":\"https:\\\/\\\/gregggoldfarb.com\\\/wp-content\\\/uploads\\\/2024\\\/04\\\/intro_image.jpg\",\"contentUrl\":\"https:\\\/\\\/gregggoldfarb.com\\\/wp-content\\\/uploads\\\/2024\\\/04\\\/intro_image.jpg\",\"width\":705,\"height\":502,\"caption\":\"intro image\"},{\"@type\":\"BreadcrumbList\",\"@id\":\"https:\\\/\\\/gregggoldfarb.com\\\/es\\\/#breadcrumb\",\"itemListElement\":[{\"@type\":\"ListItem\",\"position\":1,\"name\":\"Inicio\",\"item\":\"https:\\\/\\\/gregggoldfarb.com\\\/es\\\/\"},{\"@type\":\"ListItem\",\"position\":2,\"name\":\"Inicio\"}]},{\"@type\":\"WebSite\",\"@id\":\"https:\\\/\\\/gregggoldfarb.com\\\/es\\\/#website\",\"url\":\"https:\\\/\\\/gregggoldfarb.com\\\/es\\\/\",\"name\":\"Gregg M. Goldfarb, LLP\",\"description\":\"\",\"publisher\":{\"@id\":\"https:\\\/\\\/gregggoldfarb.com\\\/es\\\/#organization\"},\"potentialAction\":[{\"@type\":\"SearchAction\",\"target\":{\"@type\":\"EntryPoint\",\"urlTemplate\":\"https:\\\/\\\/gregggoldfarb.com\\\/es\\\/?s={search_term_string}\"},\"query-input\":{\"@type\":\"PropertyValueSpecification\",\"valueRequired\":true,\"valueName\":\"search_term_string\"}}],\"inLanguage\":\"es\"},{\"@type\":\"Organization\",\"@id\":\"https:\\\/\\\/gregggoldfarb.com\\\/es\\\/#organization\",\"name\":\"Gregg M. Goldfarb, LLP\",\"url\":\"https:\\\/\\\/gregggoldfarb.com\\\/es\\\/\",\"logo\":{\"@type\":\"ImageObject\",\"inLanguage\":\"es\",\"@id\":\"https:\\\/\\\/gregggoldfarb.com\\\/es\\\/#\\\/schema\\\/logo\\\/image\\\/\",\"url\":\"https:\\\/\\\/gregggoldfarb.com\\\/wp-content\\\/uploads\\\/2024\\\/02\\\/g_logo.png\",\"contentUrl\":\"https:\\\/\\\/gregggoldfarb.com\\\/wp-content\\\/uploads\\\/2024\\\/02\\\/g_logo.png\",\"width\":471,\"height\":65,\"caption\":\"Gregg M. Goldfarb, LLP\"},\"image\":{\"@id\":\"https:\\\/\\\/gregggoldfarb.com\\\/es\\\/#\\\/schema\\\/logo\\\/image\\\/\"},\"sameAs\":[\"https:\\\/\\\/www.facebook.com\\\/GreggGoldfarbLLP\\\/\",\"https:\\\/\\\/www.linkedin.com\\\/company\\\/gregg-m-goldfarb-llp-\\\/about\\\/\",\"https:\\\/\\\/www.youtube.com\\\/@cut_to_the_chase_podcast\\\/\"]}]}<\/script>\n<!-- \/ Yoast SEO plugin. -->","yoast_head_json":{"title":"Abogado con Experiencia en Lesiones Personales y Agravios Masivos en Florida | Gregg M. Goldfarb, LLP","description":"Con 25 a\u00f1os de experiencia legal, Gregg Goldfarb ofrece representaci\u00f3n dedicada para lesiones personales, agravios masivos, derechos civiles, productos defectuosos y casos de denunciantes. Las consultas son gratuitas. Llame al (954) 452-2329 hoy para discutir su reclamo.","robots":{"index":"index","follow":"follow","max-snippet":"max-snippet:-1","max-image-preview":"max-image-preview:large","max-video-preview":"max-video-preview:-1"},"canonical":"https:\/\/gregggoldfarb.com\/es\/","og_locale":"es_ES","og_type":"article","og_title":"Abogado con Experiencia en Lesiones Personales y Agravios Masivos en Florida | Gregg M. Goldfarb, LLP","og_description":"Con 25 a\u00f1os de experiencia legal, Gregg Goldfarb ofrece representaci\u00f3n dedicada para lesiones personales, agravios masivos, derechos civiles, productos defectuosos y casos de denunciantes. Las consultas son gratuitas. Llame al (954) 452-2329 hoy para discutir su reclamo.","og_url":"https:\/\/gregggoldfarb.com\/es\/","og_site_name":"Gregg M. Goldfarb, LLP","article_publisher":"https:\/\/www.facebook.com\/GreggGoldfarbLLP\/","article_modified_time":"2024-04-11T04:46:20+00:00","og_image":[{"width":705,"height":502,"url":"https:\/\/gregggoldfarb.com\/wp-content\/uploads\/2024\/02\/intro-image.jpg","type":"image\/jpeg"}],"twitter_card":"summary_large_image","twitter_misc":{"Tiempo de lectura":"1 minuto"},"schema":{"@context":"https:\/\/schema.org","@graph":[{"@type":"WebPage","@id":"https:\/\/gregggoldfarb.com\/es\/","url":"https:\/\/gregggoldfarb.com\/es\/","name":"Abogado con Experiencia en Lesiones Personales y Agravios Masivos en Florida | Gregg M. Goldfarb, LLP","isPartOf":{"@id":"https:\/\/gregggoldfarb.com\/es\/#website"},"primaryImageOfPage":{"@id":"https:\/\/gregggoldfarb.com\/es\/#primaryimage"},"image":{"@id":"https:\/\/gregggoldfarb.com\/es\/#primaryimage"},"thumbnailUrl":"https:\/\/gregggoldfarb.com\/wp-content\/uploads\/2024\/04\/intro_image.jpg","datePublished":"2023-08-09T11:25:58+00:00","dateModified":"2024-04-11T04:46:20+00:00","description":"Con 25 a\u00f1os de experiencia legal, Gregg Goldfarb ofrece representaci\u00f3n dedicada para lesiones personales, agravios masivos, derechos civiles, productos defectuosos y casos de denunciantes. Las consultas son gratuitas. Llame al (954) 452-2329 hoy para discutir su reclamo.","breadcrumb":{"@id":"https:\/\/gregggoldfarb.com\/es\/#breadcrumb"},"inLanguage":"es","potentialAction":[{"@type":"ReadAction","target":["https:\/\/gregggoldfarb.com\/es\/"]}]},{"@type":"ImageObject","inLanguage":"es","@id":"https:\/\/gregggoldfarb.com\/es\/#primaryimage","url":"https:\/\/gregggoldfarb.com\/wp-content\/uploads\/2024\/04\/intro_image.jpg","contentUrl":"https:\/\/gregggoldfarb.com\/wp-content\/uploads\/2024\/04\/intro_image.jpg","width":705,"height":502,"caption":"intro image"},{"@type":"BreadcrumbList","@id":"https:\/\/gregggoldfarb.com\/es\/#breadcrumb","itemListElement":[{"@type":"ListItem","position":1,"name":"Inicio","item":"https:\/\/gregggoldfarb.com\/es\/"},{"@type":"ListItem","position":2,"name":"Inicio"}]},{"@type":"WebSite","@id":"https:\/\/gregggoldfarb.com\/es\/#website","url":"https:\/\/gregggoldfarb.com\/es\/","name":"Gregg M. Goldfarb, LLP","description":"","publisher":{"@id":"https:\/\/gregggoldfarb.com\/es\/#organization"},"potentialAction":[{"@type":"SearchAction","target":{"@type":"EntryPoint","urlTemplate":"https:\/\/gregggoldfarb.com\/es\/?s={search_term_string}"},"query-input":{"@type":"PropertyValueSpecification","valueRequired":true,"valueName":"search_term_string"}}],"inLanguage":"es"},{"@type":"Organization","@id":"https:\/\/gregggoldfarb.com\/es\/#organization","name":"Gregg M. Goldfarb, LLP","url":"https:\/\/gregggoldfarb.com\/es\/","logo":{"@type":"ImageObject","inLanguage":"es","@id":"https:\/\/gregggoldfarb.com\/es\/#\/schema\/logo\/image\/","url":"https:\/\/gregggoldfarb.com\/wp-content\/uploads\/2024\/02\/g_logo.png","contentUrl":"https:\/\/gregggoldfarb.com\/wp-content\/uploads\/2024\/02\/g_logo.png","width":471,"height":65,"caption":"Gregg M. Goldfarb, LLP"},"image":{"@id":"https:\/\/gregggoldfarb.com\/es\/#\/schema\/logo\/image\/"},"sameAs":["https:\/\/www.facebook.com\/GreggGoldfarbLLP\/","https:\/\/www.linkedin.com\/company\/gregg-m-goldfarb-llp-\/about\/","https:\/\/www.youtube.com\/@cut_to_the_chase_podcast\/"]}]}},"_links":{"self":[{"href":"https:\/\/gregggoldfarb.com\/es\/wp-json\/wp\/v2\/pages\/156","targetHints":{"allow":["GET"]}}],"collection":[{"href":"https:\/\/gregggoldfarb.com\/es\/wp-json\/wp\/v2\/pages"}],"about":[{"href":"https:\/\/gregggoldfarb.com\/es\/wp-json\/wp\/v2\/types\/page"}],"author":[{"embeddable":true,"href":"https:\/\/gregggoldfarb.com\/es\/wp-json\/wp\/v2\/users\/3"}],"replies":[{"embeddable":true,"href":"https:\/\/gregggoldfarb.com\/es\/wp-json\/wp\/v2\/comments?post=156"}],"version-history":[{"count":2,"href":"https:\/\/gregggoldfarb.com\/es\/wp-json\/wp\/v2\/pages\/156\/revisions"}],"predecessor-version":[{"id":13091,"href":"https:\/\/gregggoldfarb.com\/es\/wp-json\/wp\/v2\/pages\/156\/revisions\/13091"}],"wp:featuredmedia":[{"embeddable":true,"href":"https:\/\/gregggoldfarb.com\/es\/wp-json\/wp\/v2\/media\/14205"}],"wp:attachment":[{"href":"https:\/\/gregggoldfarb.com\/es\/wp-json\/wp\/v2\/media?parent=156"}],"curies":[{"name":"wp","href":"https:\/\/api.w.org\/{rel}","templated":true}]}}